{"id":28,"date":"2017-04-27T08:49:28","date_gmt":"2017-04-27T07:49:28","guid":{"rendered":"http:\/\/www.prazsky.cztenis.cz\/?page_id=28"},"modified":"2025-03-14T16:57:34","modified_gmt":"2025-03-14T15:57:34","slug":"rozhodoi","status":"publish","type":"page","link":"http:\/\/www.prazsky.cztenis.cz\/?page_id=28","title":{"rendered":"Rozhod\u010d\u00ed"},"content":{"rendered":"\n<p><a href=\"http:\/\/www.prazsky.cztenis.cz\/wp-content\/uploads\/2025\/03\/Sazebnik-odmen-rozhodciho-tenisu-Ceskeho-tenisoveho-svazu.pdf\" target=\"_blank\" rel=\"noreferrer noopener\">Sazebn\u00edk rozhod\u010d\u00edho<\/a><\/p>\n\n\n<p>\u0160kolen\u00ed a do\u0161kolen\u00ed rozhod\u010d\u00edch viz<a href=\"http:\/\/www.cztenis.cz\/skoleni\">\u00a0<\/a><\/p>\n<p><a href=\"http:\/\/www.cztenis.cz\/skoleni\" target=\"_blank\" rel=\"noopener\">www.cztenis.cz\/skoleni<\/a><\/p>\n<p>Webov\u00e9 str\u00e1nky rozhod\u010d\u00edch \u010cTS:<\/p>\n<p><a href=\"http:\/\/rozhodci.cztenis.cz\/\" target=\"_blank\" rel=\"noopener\">http:\/\/rozhodci.cztenis.cz\/<\/a><\/p>\n<p>\u00a0<\/p>","protected":false},"excerpt":{"rendered":"<p>Sazebn\u00edk rozhod\u010d\u00edho \u0160kolen\u00ed a do\u0161kolen\u00ed rozhod\u010d\u00edch viz\u00a0 www.cztenis.cz\/skoleni Webov\u00e9 str\u00e1nky rozhod\u010d\u00edch \u010cTS: http:\/\/rozhodci.cztenis.cz\/ \u00a0<\/p>\n","protected":false},"author":1,"featured_media":0,"parent":0,"menu_order":0,"comment_status":"open","ping_status":"open","template":"","meta":[],"_links":{"self":[{"href":"http:\/\/www.prazsky.cztenis.cz\/index.php?rest_route=\/wp\/v2\/pages\/28"}],"collection":[{"href":"http:\/\/www.prazsky.cztenis.cz\/index.php?rest_route=\/wp\/v2\/pages"}],"about":[{"href":"http:\/\/www.prazsky.cztenis.cz\/index.php?rest_route=\/wp\/v2\/types\/page"}],"author":[{"embeddable":true,"href":"http:\/\/www.prazsky.cztenis.cz\/index.php?rest_route=\/wp\/v2\/users\/1"}],"replies":[{"embeddable":true,"href":"http:\/\/www.prazsky.cztenis.cz\/index.php?rest_route=%2Fwp%2Fv2%2Fcomments&post=28"}],"version-history":[{"count":10,"href":"http:\/\/www.prazsky.cztenis.cz\/index.php?rest_route=\/wp\/v2\/pages\/28\/revisions"}],"predecessor-version":[{"id":9594,"href":"http:\/\/www.prazsky.cztenis.cz\/index.php?rest_route=\/wp\/v2\/pages\/28\/revisions\/9594"}],"wp:attachment":[{"href":"http:\/\/www.prazsky.cztenis.cz\/index.php?rest_route=%2Fwp%2Fv2%2Fmedia&parent=28"}],"curies":[{"name":"wp","href":"https:\/\/api.w.org\/{rel}","templated":true}]}}