{"id":6256,"date":"2020-11-14T15:21:52","date_gmt":"2020-11-14T14:21:52","guid":{"rendered":"http:\/\/www.prazsky.cztenis.cz\/?page_id=6256"},"modified":"2024-04-26T11:35:52","modified_gmt":"2024-04-26T10:35:52","slug":"narodni-sportovni-agentura","status":"publish","type":"page","link":"http:\/\/www.prazsky.cztenis.cz\/?page_id=6256","title":{"rendered":"N\u00e1rodn\u00ed sportovn\u00ed agentura"},"content":{"rendered":"<p>Vypsan\u00e9 v\u00fdzvy N\u00e1rodn\u00ed sportovn\u00ed agentury naleznete na tomto odkazu:<\/p>\n<p><a href=\"https:\/\/nsa.gov.cz\/\" target=\"_blank\" rel=\"noopener\">Dota\u010dn\u00ed v\u00fdzvy NSA<\/a><\/p>\n","protected":false},"excerpt":{"rendered":"<p>Vypsan\u00e9 v\u00fdzvy N\u00e1rodn\u00ed sportovn\u00ed agentury naleznete na tomto odkazu: Dota\u010dn\u00ed v\u00fdzvy NSA<\/p>\n","protected":false},"author":6,"featured_media":0,"parent":0,"menu_order":0,"comment_status":"closed","ping_status":"closed","template":"","meta":[],"_links":{"self":[{"href":"http:\/\/www.prazsky.cztenis.cz\/index.php?rest_route=\/wp\/v2\/pages\/6256"}],"collection":[{"href":"http:\/\/www.prazsky.cztenis.cz\/index.php?rest_route=\/wp\/v2\/pages"}],"about":[{"href":"http:\/\/www.prazsky.cztenis.cz\/index.php?rest_route=\/wp\/v2\/types\/page"}],"author":[{"embeddable":true,"href":"http:\/\/www.prazsky.cztenis.cz\/index.php?rest_route=\/wp\/v2\/users\/6"}],"replies":[{"embeddable":true,"href":"http:\/\/www.prazsky.cztenis.cz\/index.php?rest_route=%2Fwp%2Fv2%2Fcomments&post=6256"}],"version-history":[{"count":7,"href":"http:\/\/www.prazsky.cztenis.cz\/index.php?rest_route=\/wp\/v2\/pages\/6256\/revisions"}],"predecessor-version":[{"id":8612,"href":"http:\/\/www.prazsky.cztenis.cz\/index.php?rest_route=\/wp\/v2\/pages\/6256\/revisions\/8612"}],"wp:attachment":[{"href":"http:\/\/www.prazsky.cztenis.cz\/index.php?rest_route=%2Fwp%2Fv2%2Fmedia&parent=6256"}],"curies":[{"name":"wp","href":"https:\/\/api.w.org\/{rel}","templated":true}]}}